{"id":9693,"date":"2026-05-15T16:14:35","date_gmt":"2026-05-15T14:14:35","guid":{"rendered":"https:\/\/marosebijoux.com\/?post_type=product&#038;p=9693"},"modified":"2026-05-15T16:22:29","modified_gmt":"2026-05-15T14:22:29","slug":"boucles-doreilles-azur-2-2","status":"publish","type":"product","link":"https:\/\/marosebijoux.com\/index.php\/produit\/boucles-doreilles-azur-2-2\/","title":{"rendered":"Boucles d&#8217;oreilles Azur"},"content":{"rendered":"<p>Un souffle de bleu entre terre et mer&#8230;la douceur d&#8217;un bleu infini!<\/p>\n","protected":false},"excerpt":{"rendered":"<p>Fait main dans mon atelier alsacien, en argile polym\u00e8re.<\/p>\n<p>De l\u00e9g\u00e8res variations de couleur peuvent appara\u00eetre d\u2019un mod\u00e8le \u00e0 l\u2019autre, rendant chaque paire unique.<\/p>\n<p>Appr\u00eat en acier inoxydable plaqu\u00e9 or<\/p>\n<p>Mod\u00e8le mat d&#8217;un c\u00f4t\u00e9 et vernis de l&#8217;autre, ce qui permet de la porter de deux mani\u00e8res diff\u00e9rentes.<\/p>\n<p>Diam\u00e8tre 5,2 cm<\/p>\n<p>Tr\u00e8s l\u00e9g\u00e8res \u00e0 porter!<\/p>\n","protected":false},"featured_media":9694,"template":"","meta":{"_uag_custom_page_level_css":"","site-sidebar-layout":"default","site-content-layout":"","ast-site-content-layout":"default","site-content-style":"default","site-sidebar-style":"default","ast-global-header-display":"","ast-banner-title-visibility":"","ast-main-header-display":"","ast-hfb-above-header-display":"","ast-hfb-below-header-display":"","ast-hfb-mobile-header-display":"","site-post-title":"","ast-breadcrumbs-content":"","ast-featured-img":"","footer-sml-layout":"","ast-disable-related-posts":"","theme-transparent-header-meta":"","adv-header-id-meta":"","stick-header-meta":"","header-above-stick-meta":"","header-main-stick-meta":"","header-below-stick-meta":"","astra-migrate-meta-layouts":"default","ast-page-background-enabled":"default","ast-page-background-meta":{"desktop":{"background-color":"var(--ast-global-color-4)","background-image":"","background-repeat":"repeat","background-position":"center center","background-size":"auto","background-attachment":"scroll","background-type":"","background-media":"","overlay-type":"","overlay-color":"","overlay-opacity":"","overlay-gradient":""},"tablet":{"background-color":"","background-image":"","background-repeat":"repeat","background-position":"center center","background-size":"auto","background-attachment":"scroll","background-type":"","background-media":"","overlay-type":"","overlay-color":"","overlay-opacity":"","overlay-gradient":""},"mobile":{"background-color":"","background-image":"","background-repeat":"repeat","background-position":"center center","background-size":"auto","background-attachment":"scroll","background-type":"","background-media":"","overlay-type":"","overlay-color":"","overlay-opacity":"","overlay-gradient":""}},"ast-content-background-meta":{"desktop":{"background-color":"var(--ast-global-color-5)","background-image":"","background-repeat":"repeat","background-position":"center center","background-size":"auto","background-attachment":"scroll","background-type":"","background-media":"","overlay-type":"","overlay-color":"","overlay-opacity":"","overlay-gradient":""},"tablet":{"background-color":"var(--ast-global-color-5)","background-image":"","background-repeat":"repeat","background-position":"center center","background-size":"auto","background-attachment":"scroll","background-type":"","background-media":"","overlay-type":"","overlay-color":"","overlay-opacity":"","overlay-gradient":""},"mobile":{"background-color":"var(--ast-global-color-5)","background-image":"","background-repeat":"repeat","background-position":"center center","background-size":"auto","background-attachment":"scroll","background-type":"","background-media":"","overlay-type":"","overlay-color":"","overlay-opacity":"","overlay-gradient":""}},"jetpack_publicize_message":"","jetpack_publicize_feature_enabled":true,"jetpack_social_post_already_shared":true,"jetpack_social_options":{"image_generator_settings":{"template":"highway","default_image_id":0,"font":"","enabled":false},"version":2}},"product_brand":[],"product_cat":[61,41],"product_tag":[],"class_list":{"0":"post-9693","1":"product","2":"type-product","3":"status-publish","4":"has-post-thumbnail","6":"product_cat-bleu","7":"product_cat-nouveautes","8":"desktop-align-left","9":"tablet-align-left","10":"mobile-align-left","12":"first","13":"instock","14":"shipping-taxable","15":"purchasable","16":"product-type-simple"},"yoast_head":"<!-- This site is optimized with the Yoast SEO Premium plugin v21.3 (Yoast SEO v27.6) - https:\/\/yoast.com\/product\/yoast-seo-premium-wordpress\/ -->\n<title>Boucles d&#039;oreilles Azur - MaRose Bijoux<\/title>\n<meta name=\"robots\" content=\"index, follow, max-snippet:-1, max-image-preview:large, max-video-preview:-1\" \/>\n<link rel=\"canonical\" href=\"https:\/\/marosebijoux.com\/index.php\/produit\/boucles-doreilles-azur-2-2\/\" \/>\n<meta property=\"og:locale\" content=\"fr_FR\" \/>\n<meta property=\"og:type\" content=\"article\" \/>\n<meta property=\"og:title\" content=\"Boucles d&#039;oreilles Azur\" \/>\n<meta property=\"og:description\" content=\"Fait main dans mon atelier alsacien, en argile polym\u00e8re. De l\u00e9g\u00e8res variations de couleur peuvent appara\u00eetre d\u2019un mod\u00e8le \u00e0 l\u2019autre, rendant chaque paire unique. Appr\u00eat en acier inoxydable plaqu\u00e9 or Mod\u00e8le mat d&#039;un c\u00f4t\u00e9 et vernis de l&#039;autre, ce qui permet de la porter de deux mani\u00e8res diff\u00e9rentes. Diam\u00e8tre 5,2 cm Tr\u00e8s l\u00e9g\u00e8res \u00e0 porter!\" \/>\n<meta property=\"og:url\" content=\"https:\/\/marosebijoux.com\/index.php\/produit\/boucles-doreilles-azur-2-2\/\" \/>\n<meta property=\"og:site_name\" content=\"MaRose Bijoux\" \/>\n<meta property=\"article:publisher\" content=\"https:\/\/www.facebook.com\/profile.php?id=61551028569293\" \/>\n<meta property=\"article:modified_time\" content=\"2026-05-15T14:22:29+00:00\" \/>\n<meta property=\"og:image\" content=\"https:\/\/marosebijoux.com\/wp-content\/uploads\/2026\/05\/1000063583.jpg\" \/>\n\t<meta property=\"og:image:width\" content=\"1446\" \/>\n\t<meta property=\"og:image:height\" content=\"1920\" \/>\n\t<meta property=\"og:image:type\" content=\"image\/jpeg\" \/>\n<meta name=\"twitter:card\" content=\"summary_large_image\" \/>\n<meta name=\"twitter:label1\" content=\"Prix\" \/>\n\t<meta name=\"twitter:data1\" content=\"&euro;25.00\" \/>\n\t<meta name=\"twitter:label2\" content=\"Disponibilit\u00e9\" \/>\n\t<meta name=\"twitter:data2\" content=\"En stock\" \/>\n<script type=\"application\/ld+json\" class=\"yoast-schema-graph\">{\"@context\":\"https:\\\/\\\/schema.org\",\"@graph\":[{\"@type\":\"WebPage\",\"@id\":\"https:\\\/\\\/marosebijoux.com\\\/index.php\\\/produit\\\/boucles-doreilles-azur-2-2\\\/\",\"url\":\"https:\\\/\\\/marosebijoux.com\\\/index.php\\\/produit\\\/boucles-doreilles-azur-2-2\\\/\",\"name\":\"Boucles d'oreilles Azur - MaRose Bijoux\",\"isPartOf\":{\"@id\":\"https:\\\/\\\/marosebijoux.com\\\/#website\"},\"primaryImageOfPage\":{\"@id\":\"https:\\\/\\\/marosebijoux.com\\\/index.php\\\/produit\\\/boucles-doreilles-azur-2-2\\\/#primaryimage\"},\"image\":{\"@id\":\"https:\\\/\\\/marosebijoux.com\\\/index.php\\\/produit\\\/boucles-doreilles-azur-2-2\\\/#primaryimage\"},\"thumbnailUrl\":\"https:\\\/\\\/marosebijoux.com\\\/wp-content\\\/uploads\\\/2026\\\/05\\\/1000063583.jpg\",\"datePublished\":\"2026-05-15T14:14:35+00:00\",\"dateModified\":\"2026-05-15T14:22:29+00:00\",\"breadcrumb\":{\"@id\":\"https:\\\/\\\/marosebijoux.com\\\/index.php\\\/produit\\\/boucles-doreilles-azur-2-2\\\/#breadcrumb\"},\"inLanguage\":\"fr-FR\",\"potentialAction\":[{\"@type\":\"ReadAction\",\"target\":[\"https:\\\/\\\/marosebijoux.com\\\/index.php\\\/produit\\\/boucles-doreilles-azur-2-2\\\/\"]}]},{\"@type\":\"ImageObject\",\"inLanguage\":\"fr-FR\",\"@id\":\"https:\\\/\\\/marosebijoux.com\\\/index.php\\\/produit\\\/boucles-doreilles-azur-2-2\\\/#primaryimage\",\"url\":\"https:\\\/\\\/marosebijoux.com\\\/wp-content\\\/uploads\\\/2026\\\/05\\\/1000063583.jpg\",\"contentUrl\":\"https:\\\/\\\/marosebijoux.com\\\/wp-content\\\/uploads\\\/2026\\\/05\\\/1000063583.jpg\",\"width\":1446,\"height\":1920},{\"@type\":\"BreadcrumbList\",\"@id\":\"https:\\\/\\\/marosebijoux.com\\\/index.php\\\/produit\\\/boucles-doreilles-azur-2-2\\\/#breadcrumb\",\"itemListElement\":[{\"@type\":\"ListItem\",\"position\":1,\"name\":\"Accueil\",\"item\":\"https:\\\/\\\/marosebijoux.com\\\/\"},{\"@type\":\"ListItem\",\"position\":2,\"name\":\"Boutique\",\"item\":\"https:\\\/\\\/marosebijoux.com\\\/index.php\\\/shop-2\\\/\"},{\"@type\":\"ListItem\",\"position\":3,\"name\":\"Boucles d&#8217;oreilles Azur\"}]},{\"@type\":\"WebSite\",\"@id\":\"https:\\\/\\\/marosebijoux.com\\\/#website\",\"url\":\"https:\\\/\\\/marosebijoux.com\\\/\",\"name\":\"MaRose Bijoux\",\"description\":\"\",\"publisher\":{\"@id\":\"https:\\\/\\\/marosebijoux.com\\\/#organization\"},\"potentialAction\":[{\"@type\":\"SearchAction\",\"target\":{\"@type\":\"EntryPoint\",\"urlTemplate\":\"https:\\\/\\\/marosebijoux.com\\\/?s={search_term_string}\"},\"query-input\":{\"@type\":\"PropertyValueSpecification\",\"valueRequired\":true,\"valueName\":\"search_term_string\"}}],\"inLanguage\":\"fr-FR\"},{\"@type\":\"Organization\",\"@id\":\"https:\\\/\\\/marosebijoux.com\\\/#organization\",\"name\":\"MaRose Bijoux\",\"url\":\"https:\\\/\\\/marosebijoux.com\\\/\",\"logo\":{\"@type\":\"ImageObject\",\"inLanguage\":\"fr-FR\",\"@id\":\"https:\\\/\\\/marosebijoux.com\\\/#\\\/schema\\\/logo\\\/image\\\/\",\"url\":\"https:\\\/\\\/marosebijoux.com\\\/wp-content\\\/uploads\\\/2024\\\/11\\\/cropped-Color-logo-no-background.png\",\"contentUrl\":\"https:\\\/\\\/marosebijoux.com\\\/wp-content\\\/uploads\\\/2024\\\/11\\\/cropped-Color-logo-no-background.png\",\"width\":1918,\"height\":1851,\"caption\":\"MaRose Bijoux\"},\"image\":{\"@id\":\"https:\\\/\\\/marosebijoux.com\\\/#\\\/schema\\\/logo\\\/image\\\/\"},\"sameAs\":[\"https:\\\/\\\/www.facebook.com\\\/profile.php?id=61551028569293\",\"https:\\\/\\\/www.instagram.com\\\/marose.bijoux\\\/\"]}]}<\/script>\n<meta property=\"product:price:amount\" content=\"25.00\" \/>\n<meta property=\"product:price:currency\" content=\"EUR\" \/>\n<meta property=\"og:availability\" content=\"instock\" \/>\n<meta property=\"product:availability\" content=\"instock\" \/>\n<meta property=\"product:condition\" content=\"new\" \/>\n<!-- \/ Yoast SEO Premium plugin. -->","yoast_head_json":{"title":"Boucles d'oreilles Azur - MaRose Bijoux","robots":{"index":"index","follow":"follow","max-snippet":"max-snippet:-1","max-image-preview":"max-image-preview:large","max-video-preview":"max-video-preview:-1"},"canonical":"https:\/\/marosebijoux.com\/index.php\/produit\/boucles-doreilles-azur-2-2\/","og_locale":"fr_FR","og_type":"article","og_title":"Boucles d'oreilles Azur","og_description":"Fait main dans mon atelier alsacien, en argile polym\u00e8re. De l\u00e9g\u00e8res variations de couleur peuvent appara\u00eetre d\u2019un mod\u00e8le \u00e0 l\u2019autre, rendant chaque paire unique. Appr\u00eat en acier inoxydable plaqu\u00e9 or Mod\u00e8le mat d'un c\u00f4t\u00e9 et vernis de l'autre, ce qui permet de la porter de deux mani\u00e8res diff\u00e9rentes. Diam\u00e8tre 5,2 cm Tr\u00e8s l\u00e9g\u00e8res \u00e0 porter!","og_url":"https:\/\/marosebijoux.com\/index.php\/produit\/boucles-doreilles-azur-2-2\/","og_site_name":"MaRose Bijoux","article_publisher":"https:\/\/www.facebook.com\/profile.php?id=61551028569293","article_modified_time":"2026-05-15T14:22:29+00:00","og_image":[{"width":1446,"height":1920,"url":"https:\/\/marosebijoux.com\/wp-content\/uploads\/2026\/05\/1000063583.jpg","type":"image\/jpeg"}],"twitter_card":"summary_large_image","twitter_misc":{"Prix":"&euro;25.00","Disponibilit\u00e9":"En stock"},"schema":{"@context":"https:\/\/schema.org","@graph":[{"@type":"WebPage","@id":"https:\/\/marosebijoux.com\/index.php\/produit\/boucles-doreilles-azur-2-2\/","url":"https:\/\/marosebijoux.com\/index.php\/produit\/boucles-doreilles-azur-2-2\/","name":"Boucles d'oreilles Azur - MaRose Bijoux","isPartOf":{"@id":"https:\/\/marosebijoux.com\/#website"},"primaryImageOfPage":{"@id":"https:\/\/marosebijoux.com\/index.php\/produit\/boucles-doreilles-azur-2-2\/#primaryimage"},"image":{"@id":"https:\/\/marosebijoux.com\/index.php\/produit\/boucles-doreilles-azur-2-2\/#primaryimage"},"thumbnailUrl":"https:\/\/marosebijoux.com\/wp-content\/uploads\/2026\/05\/1000063583.jpg","datePublished":"2026-05-15T14:14:35+00:00","dateModified":"2026-05-15T14:22:29+00:00","breadcrumb":{"@id":"https:\/\/marosebijoux.com\/index.php\/produit\/boucles-doreilles-azur-2-2\/#breadcrumb"},"inLanguage":"fr-FR","potentialAction":[{"@type":"ReadAction","target":["https:\/\/marosebijoux.com\/index.php\/produit\/boucles-doreilles-azur-2-2\/"]}]},{"@type":"ImageObject","inLanguage":"fr-FR","@id":"https:\/\/marosebijoux.com\/index.php\/produit\/boucles-doreilles-azur-2-2\/#primaryimage","url":"https:\/\/marosebijoux.com\/wp-content\/uploads\/2026\/05\/1000063583.jpg","contentUrl":"https:\/\/marosebijoux.com\/wp-content\/uploads\/2026\/05\/1000063583.jpg","width":1446,"height":1920},{"@type":"BreadcrumbList","@id":"https:\/\/marosebijoux.com\/index.php\/produit\/boucles-doreilles-azur-2-2\/#breadcrumb","itemListElement":[{"@type":"ListItem","position":1,"name":"Accueil","item":"https:\/\/marosebijoux.com\/"},{"@type":"ListItem","position":2,"name":"Boutique","item":"https:\/\/marosebijoux.com\/index.php\/shop-2\/"},{"@type":"ListItem","position":3,"name":"Boucles d&#8217;oreilles Azur"}]},{"@type":"WebSite","@id":"https:\/\/marosebijoux.com\/#website","url":"https:\/\/marosebijoux.com\/","name":"MaRose Bijoux","description":"","publisher":{"@id":"https:\/\/marosebijoux.com\/#organization"},"potentialAction":[{"@type":"SearchAction","target":{"@type":"EntryPoint","urlTemplate":"https:\/\/marosebijoux.com\/?s={search_term_string}"},"query-input":{"@type":"PropertyValueSpecification","valueRequired":true,"valueName":"search_term_string"}}],"inLanguage":"fr-FR"},{"@type":"Organization","@id":"https:\/\/marosebijoux.com\/#organization","name":"MaRose Bijoux","url":"https:\/\/marosebijoux.com\/","logo":{"@type":"ImageObject","inLanguage":"fr-FR","@id":"https:\/\/marosebijoux.com\/#\/schema\/logo\/image\/","url":"https:\/\/marosebijoux.com\/wp-content\/uploads\/2024\/11\/cropped-Color-logo-no-background.png","contentUrl":"https:\/\/marosebijoux.com\/wp-content\/uploads\/2024\/11\/cropped-Color-logo-no-background.png","width":1918,"height":1851,"caption":"MaRose Bijoux"},"image":{"@id":"https:\/\/marosebijoux.com\/#\/schema\/logo\/image\/"},"sameAs":["https:\/\/www.facebook.com\/profile.php?id=61551028569293","https:\/\/www.instagram.com\/marose.bijoux\/"]}]},"product_price_amount":"25.00","product_price_currency":"EUR","og_availability":"instock","product_availability":"instock","product_condition":"new"},"jetpack_publicize_connections":[],"uagb_featured_image_src":{"full":["https:\/\/marosebijoux.com\/wp-content\/uploads\/2026\/05\/1000063583.jpg",1446,1920,false],"thumbnail":["https:\/\/marosebijoux.com\/wp-content\/uploads\/2026\/05\/1000063583-150x150.jpg",150,150,true],"medium":["https:\/\/marosebijoux.com\/wp-content\/uploads\/2026\/05\/1000063583-452x600.jpg",452,600,true],"medium_large":["https:\/\/marosebijoux.com\/wp-content\/uploads\/2026\/05\/1000063583-768x1020.jpg",768,1020,true],"large":["https:\/\/marosebijoux.com\/wp-content\/uploads\/2026\/05\/1000063583-771x1024.jpg",771,1024,true],"1536x1536":["https:\/\/marosebijoux.com\/wp-content\/uploads\/2026\/05\/1000063583-1157x1536.jpg",1157,1536,true],"2048x2048":["https:\/\/marosebijoux.com\/wp-content\/uploads\/2026\/05\/1000063583.jpg",1446,1920,false],"woocommerce_thumbnail":["https:\/\/marosebijoux.com\/wp-content\/uploads\/2026\/05\/1000063583-600x797.jpg",600,797,true],"woocommerce_single":["https:\/\/marosebijoux.com\/wp-content\/uploads\/2026\/05\/1000063583-600x797.jpg",600,797,true],"woocommerce_gallery_thumbnail":["https:\/\/marosebijoux.com\/wp-content\/uploads\/2026\/05\/1000063583-100x100.jpg",100,100,true]},"uagb_author_info":{"display_name":"marose.bijoux","author_link":"https:\/\/marosebijoux.com\/index.php\/author\/"},"uagb_comment_info":0,"uagb_excerpt":"Fait main dans mon atelier alsacien, en argile polym\u00e8re. De l\u00e9g\u00e8res variations de couleur peuvent appara\u00eetre d\u2019un mod\u00e8le \u00e0 l\u2019autre, rendant chaque paire unique. Appr\u00eat en acier inoxydable plaqu\u00e9 or Mod\u00e8le mat d'un c\u00f4t\u00e9 et vernis de l'autre, ce qui permet de la porter de deux mani\u00e8res diff\u00e9rentes. Diam\u00e8tre 5,2 cm Tr\u00e8s l\u00e9g\u00e8res \u00e0 porter!","jetpack_sharing_enabled":true,"_links":{"self":[{"href":"https:\/\/marosebijoux.com\/index.php\/wp-json\/wp\/v2\/product\/9693","targetHints":{"allow":["GET"]}}],"collection":[{"href":"https:\/\/marosebijoux.com\/index.php\/wp-json\/wp\/v2\/product"}],"about":[{"href":"https:\/\/marosebijoux.com\/index.php\/wp-json\/wp\/v2\/types\/product"}],"wp:featuredmedia":[{"embeddable":true,"href":"https:\/\/marosebijoux.com\/index.php\/wp-json\/wp\/v2\/media\/9694"}],"wp:attachment":[{"href":"https:\/\/marosebijoux.com\/index.php\/wp-json\/wp\/v2\/media?parent=9693"}],"wp:term":[{"taxonomy":"product_brand","embeddable":true,"href":"https:\/\/marosebijoux.com\/index.php\/wp-json\/wp\/v2\/product_brand?post=9693"},{"taxonomy":"product_cat","embeddable":true,"href":"https:\/\/marosebijoux.com\/index.php\/wp-json\/wp\/v2\/product_cat?post=9693"},{"taxonomy":"product_tag","embeddable":true,"href":"https:\/\/marosebijoux.com\/index.php\/wp-json\/wp\/v2\/product_tag?post=9693"}],"curies":[{"name":"wp","href":"https:\/\/api.w.org\/{rel}","templated":true}]}}