{"id":1007,"date":"2021-10-11T05:03:43","date_gmt":"2021-10-11T05:03:43","guid":{"rendered":"https:\/\/marosebijoux.com\/index.php\/home\/"},"modified":"2026-02-23T00:06:01","modified_gmt":"2026-02-22T22:06:01","slug":"marose-bijoux-boucles-doreilles-argile-polymere-fait-main","status":"publish","type":"page","link":"https:\/\/marosebijoux.com\/","title":{"rendered":"Page d&#8217;accueil"},"content":{"rendered":"\n<div class=\"wp-block-uagb-container uagb-block-c2c81d86 default uagb-is-root-container\">\n<div class=\"wp-block-columns is-layout-flex wp-container-core-columns-is-layout-28f84493 wp-block-columns-is-layout-flex\">\n<div class=\"wp-block-column is-layout-flow wp-block-column-is-layout-flow\" style=\"flex-basis:66.66%\">\n<figure class=\"wp-block-gallery aligncenter has-nested-images columns-default is-cropped wp-block-gallery-1 is-layout-flex wp-block-gallery-is-layout-flex\">\n<figure class=\"wp-block-image size-full\"><a href=\"https:\/\/marosebijoux.com\/index.php\/product-category\/nouveautes\/\"><img decoding=\"async\" width=\"1728\" height=\"864\" data-id=\"9268\" src=\"https:\/\/marosebijoux.com\/wp-content\/uploads\/2026\/02\/WhatsApp-Image-2026-02-22-at-22.03.17.jpeg\" alt=\"\" class=\"wp-image-9268\" srcset=\"https:\/\/marosebijoux.com\/wp-content\/uploads\/2026\/02\/WhatsApp-Image-2026-02-22-at-22.03.17.jpeg 1728w, https:\/\/marosebijoux.com\/wp-content\/uploads\/2026\/02\/WhatsApp-Image-2026-02-22-at-22.03.17-600x300.jpeg 600w, https:\/\/marosebijoux.com\/wp-content\/uploads\/2026\/02\/WhatsApp-Image-2026-02-22-at-22.03.17-1024x512.jpeg 1024w, https:\/\/marosebijoux.com\/wp-content\/uploads\/2026\/02\/WhatsApp-Image-2026-02-22-at-22.03.17-768x384.jpeg 768w, https:\/\/marosebijoux.com\/wp-content\/uploads\/2026\/02\/WhatsApp-Image-2026-02-22-at-22.03.17-1536x768.jpeg 1536w\" sizes=\"(max-width: 1728px) 100vw, 1728px\" \/><\/a><\/figure>\n<\/figure>\n\n\n\n<div class=\"wp-block-buttons has-custom-font-size has-medium-font-size is-horizontal is-content-justification-center is-layout-flex wp-container-core-buttons-is-layout-75a2104d wp-block-buttons-is-layout-flex\">\n<div class=\"wp-block-button\"><a class=\"wp-block-button__link has-text-align-center wp-element-button\" href=\"https:\/\/marosebijoux.com\/index.php\/shop-2\/\">Boutique en ligne<\/a><\/div>\n<\/div>\n\n\n\n<h2 class=\"wp-block-heading has-text-align-center\" id=\"h-marose-bijoux\" style=\"font-size:69px\">MaRose Bijoux<\/h2>\n\n\n\n<div class=\"wp-block-uagb-container uagb-block-07f9f1c3\">\n<p style=\"text-align: center;\"><span style=\"font-size: 24px;\">D\u00e9couvrez mes boucles d&#8217;oreilles en argile polym\u00e8re faites main,<\/span><br \/><span style=\"font-size: 24px;\">L\u00e9g\u00e8res et dot\u00e9es de petites variations qui leur donnent un charme unique.<\/span><br \/><span style=\"font-size: 24px;\">Je vous propose des pi\u00e8ces originales et personnalisables, avec une touche de fantaisie ou plus classiques.<\/span><br \/><span style=\"font-size: 24px;\">Parcourez ma collection pour trouver la paire qui refl\u00e8te votre style personnel.<\/span><\/p>\n<\/div>\n<\/div>\n\n\n\n<div class=\"wp-block-column is-layout-flow wp-block-column-is-layout-flow\" style=\"flex-basis:33.33%\">\n<figure class=\"wp-block-image aligncenter size-medium is-resized has-custom-border is-style-rounded\"><img decoding=\"async\" width=\"438\" height=\"600\" src=\"https:\/\/marosebijoux.com\/wp-content\/uploads\/2026\/02\/WhatsApp-Image-2026-02-22-at-23.01.51-438x600.jpeg\" alt=\"\" class=\"wp-image-9279\" style=\"border-width:2px;width:221px;height:295px\" srcset=\"https:\/\/marosebijoux.com\/wp-content\/uploads\/2026\/02\/WhatsApp-Image-2026-02-22-at-23.01.51-438x600.jpeg 438w, https:\/\/marosebijoux.com\/wp-content\/uploads\/2026\/02\/WhatsApp-Image-2026-02-22-at-23.01.51-600x822.jpeg 600w, https:\/\/marosebijoux.com\/wp-content\/uploads\/2026\/02\/WhatsApp-Image-2026-02-22-at-23.01.51.jpeg 747w\" sizes=\"(max-width: 438px) 100vw, 438px\" \/><\/figure>\n\n\n\n<div class=\"wp-block-buttons is-layout-flex wp-block-buttons-is-layout-flex\">\n<div class=\"wp-block-button\"><a class=\"wp-block-button__link wp-element-button\" href=\"https:\/\/www.facebook.com\/messages\/t\/258019964056301\">contactez moi via facebook messenger<\/a><\/div>\n<\/div>\n\n\n\n<figure class=\"wp-block-gallery has-nested-images columns-default is-cropped wp-block-gallery-2 is-layout-flex wp-block-gallery-is-layout-flex\">\n<figure class=\"wp-block-image size-large\"><a href=\"https:\/\/marosebijoux.com\/index.php\/product-category\/collection-tendance\/eveil\/\"><img decoding=\"async\" width=\"819\" height=\"1024\" data-id=\"9267\" src=\"https:\/\/marosebijoux.com\/wp-content\/uploads\/2026\/02\/WhatsApp-Image-2026-02-22-at-21.50.07-819x1024.jpeg\" alt=\"\" class=\"wp-image-9267\" srcset=\"https:\/\/marosebijoux.com\/wp-content\/uploads\/2026\/02\/WhatsApp-Image-2026-02-22-at-21.50.07-819x1024.jpeg 819w, https:\/\/marosebijoux.com\/wp-content\/uploads\/2026\/02\/WhatsApp-Image-2026-02-22-at-21.50.07-480x600.jpeg 480w, https:\/\/marosebijoux.com\/wp-content\/uploads\/2026\/02\/WhatsApp-Image-2026-02-22-at-21.50.07-768x960.jpeg 768w, https:\/\/marosebijoux.com\/wp-content\/uploads\/2026\/02\/WhatsApp-Image-2026-02-22-at-21.50.07-600x750.jpeg 600w, https:\/\/marosebijoux.com\/wp-content\/uploads\/2026\/02\/WhatsApp-Image-2026-02-22-at-21.50.07.jpeg 1080w\" sizes=\"(max-width: 819px) 100vw, 819px\" \/><\/a><\/figure>\n<\/figure>\n<\/div>\n<\/div>\n<\/div>\n\n\n\n<div class=\"wp-block-uagb-container uagb-block-cdeb64be alignfull uagb-is-root-container\"><div class=\"uagb-container-inner-blocks-wrap\">\n<div class=\"wp-block-uagb-container uagb-block-7ceec283\">\n<div class=\"wp-block-uagb-container uagb-block-2668e798\">\n<div class=\"wp-block-uagb-advanced-heading uagb-block-c74bde80\"><h6 class=\"uagb-heading-text\">Nouveaut\u00e9s<\/h6><\/div>\n<\/div>\n\n\n\n<div class=\"wp-block-uagb-container uagb-block-3711d7c3\">\n<div class=\"wp-block-uagb-buttons uagb-buttons__outer-wrap uagb-btn__default-btn uagb-btn-tablet__default-btn uagb-btn-mobile__default-btn uagb-block-d494d14d\"><div class=\"uagb-buttons__wrap uagb-buttons-layout-wrap \">\n<div class=\"wp-block-uagb-buttons-child uagb-buttons__outer-wrap uagb-block-ddd5465e wp-block-button\"><div class=\"uagb-button__wrapper\"><a class=\"uagb-buttons-repeater wp-block-button__link\" aria-label=\"\" href=\"#\" rel=\"follow noopener\" target=\"_self\" role=\"button\"><div class=\"uagb-button__link\">Clicquez ici<\/div><\/a><\/div><\/div>\n<\/div><\/div>\n<\/div>\n<\/div>\n\n\n<\/div><\/div>\n\n\n\n<div class=\"wp-block-uagb-container uagb-block-f7f3b065 alignfull uagb-is-root-container\"><div class=\"uagb-container-inner-blocks-wrap\">\n<div class=\"wp-block-uagb-container uagb-block-8a0144ee\"><\/div>\n<\/div><\/div>\n\n\n\n<div class=\"wp-block-uagb-container uagb-block-0683f95a alignfull uagb-is-root-container\"><div class=\"uagb-container-inner-blocks-wrap\">\n<div class=\"wp-block-uagb-container uagb-block-4a697ca4\">\n<div class=\"wp-block-uagb-container uagb-block-5fe95576\"><\/div>\n\n\n\n<div class=\"wp-block-uagb-container uagb-block-4750b46e\"><\/div>\n<\/div>\n\n\n\n<div class=\"wp-block-uagb-container uagb-block-bb64ba88\">\n<div class=\"wp-block-uagb-container uagb-block-0b7eedda\"><\/div>\n\n\n\n<div class=\"wp-block-uagb-container uagb-block-9b43c9dd\"><\/div>\n<\/div>\n<\/div><\/div>\n\n\n\n<div class=\"wp-block-uagb-container uagb-block-7cb013a0 alignfull uagb-is-root-container\"><div class=\"uagb-container-inner-blocks-wrap\">\n<div class=\"wp-block-uagb-container uagb-block-944a9a36\"><\/div>\n\n\n\n<div class=\"wp-block-uagb-container uagb-block-74b543d9\"><\/div>\n\n\n\n<div class=\"wp-block-uagb-container uagb-block-2cfdeb3d\"><\/div>\n<\/div><\/div>\n\n\n\n<p><\/p>\n","protected":false},"excerpt":{"rendered":"<p>MaRose Bijoux D\u00e9couvrez mes boucles d&#8217;oreilles en argile polym\u00e8re faites main,L\u00e9g\u00e8res et dot\u00e9es de petites variations qui leur donnent un charme unique.Je vous propose des pi\u00e8ces originales et personnalisables, avec [&hellip;]<\/p>\n","protected":false},"author":1,"featured_media":122,"parent":0,"menu_order":0,"comment_status":"closed","ping_status":"closed","template":"","meta":{"_uag_custom_page_level_css":"block-size: 300px;\nwriting-mode: horizontal-tb;\n","site-sidebar-layout":"no-sidebar","site-content-layout":"page-builder","ast-site-content-layout":"full-width-container","site-content-style":"unboxed","site-sidebar-style":"unboxed","ast-global-header-display":"","ast-banner-title-visibility":"","ast-main-header-display":"","ast-hfb-above-header-display":"","ast-hfb-below-header-display":"","ast-hfb-mobile-header-display":"","site-post-title":"disabled","ast-breadcrumbs-content":"","ast-featured-img":"disabled","footer-sml-layout":"","ast-disable-related-posts":"","theme-transparent-header-meta":"default","adv-header-id-meta":"","stick-header-meta":"","header-above-stick-meta":"","header-main-stick-meta":"","header-below-stick-meta":"","astra-migrate-meta-layouts":"set","ast-page-background-enabled":"default","ast-page-background-meta":{"desktop":{"background-color":"var(--ast-global-color-4)","background-image":"","background-repeat":"repeat","background-position":"center center","background-size":"auto","background-attachment":"scroll","background-type":"","background-media":"","overlay-type":"","overlay-color":"","overlay-opacity":"","overlay-gradient":""},"tablet":{"background-color":"","background-image":"","background-repeat":"repeat","background-position":"center center","background-size":"auto","background-attachment":"scroll","background-type":"","background-media":"","overlay-type":"","overlay-color":"","overlay-opacity":"","overlay-gradient":""},"mobile":{"background-color":"","background-image":"","background-repeat":"repeat","background-position":"center center","background-size":"auto","background-attachment":"scroll","background-type":"","background-media":"","overlay-type":"","overlay-color":"","overlay-opacity":"","overlay-gradient":""}},"ast-content-background-meta":{"desktop":{"background-color":"var(--ast-global-color-5)","background-image":"","background-repeat":"repeat","background-position":"center center","background-size":"auto","background-attachment":"scroll","background-type":"","background-media":"","overlay-type":"","overlay-color":"","overlay-opacity":"","overlay-gradient":""},"tablet":{"background-color":"var(--ast-global-color-5)","background-image":"","background-repeat":"repeat","background-position":"center center","background-size":"auto","background-attachment":"scroll","background-type":"","background-media":"","overlay-type":"","overlay-color":"","overlay-opacity":"","overlay-gradient":""},"mobile":{"background-color":"var(--ast-global-color-5)","background-image":"","background-repeat":"repeat","background-position":"center center","background-size":"auto","background-attachment":"scroll","background-type":"","background-media":"","overlay-type":"","overlay-color":"","overlay-opacity":"","overlay-gradient":""}},"footnotes":""},"class_list":["post-1007","page","type-page","status-publish","has-post-thumbnail","hentry"],"yoast_head":"<!-- This site is optimized with the Yoast SEO Premium plugin v21.3 (Yoast SEO v27.5) - https:\/\/yoast.com\/product\/yoast-seo-premium-wordpress\/ -->\n<title>Boucles d&#039;oreilles en argile polym\u00e8re, l\u00e9g\u00e8res, faites \u00e0 la main.<\/title>\n<meta name=\"description\" content=\"D\u00e9couvrez mes boucles d&#039;oreilles en argile polym\u00e8re.Des cr\u00e9ations uniques et artisanales aux designs \u00e9l\u00e9gants et color\u00e9s. Fait main en Alsace\" \/>\n<meta name=\"robots\" content=\"index, follow, max-snippet:-1, max-image-preview:large, max-video-preview:-1\" \/>\n<link rel=\"canonical\" href=\"https:\/\/marosebijoux.com\/\" \/>\n<meta property=\"og:locale\" content=\"fr_FR\" \/>\n<meta property=\"og:type\" content=\"article\" \/>\n<meta property=\"og:title\" content=\"Page d&#039;accueil MaRose bijoux\" \/>\n<meta property=\"og:description\" content=\"D\u00e9couvrez mes boucles d&#039;oreilles en argile polym\u00e8re.Des cr\u00e9ations uniques et artisanales aux designs \u00e9l\u00e9gants et color\u00e9s. Fait main en Alsace\" \/>\n<meta property=\"og:url\" content=\"https:\/\/marosebijoux.com\/\" \/>\n<meta property=\"og:site_name\" content=\"MaRose Bijoux\" \/>\n<meta property=\"article:publisher\" content=\"https:\/\/www.facebook.com\/profile.php?id=61551028569293\" \/>\n<meta property=\"article:modified_time\" content=\"2026-02-22T22:06:01+00:00\" \/>\n<meta property=\"og:image\" content=\"https:\/\/marosebijoux.com\/wp-content\/uploads\/2023\/09\/Color-logo-with-background.png\" \/>\n\t<meta property=\"og:image:width\" content=\"3192\" \/>\n\t<meta property=\"og:image:height\" content=\"3121\" \/>\n\t<meta property=\"og:image:type\" content=\"image\/png\" \/>\n<meta name=\"twitter:card\" content=\"summary_large_image\" \/>\n<meta name=\"twitter:title\" content=\"Page d&#039;accueil MaRose bijoux\" \/>\n<meta name=\"twitter:label1\" content=\"Dur\u00e9e de lecture estim\u00e9e\" \/>\n\t<meta name=\"twitter:data1\" content=\"2 minutes\" \/>\n<script type=\"application\/ld+json\" class=\"yoast-schema-graph\">{\"@context\":\"https:\\\/\\\/schema.org\",\"@graph\":[{\"@type\":\"WebPage\",\"@id\":\"https:\\\/\\\/marosebijoux.com\\\/\",\"url\":\"https:\\\/\\\/marosebijoux.com\\\/\",\"name\":\"Boucles d'oreilles en argile polym\u00e8re, l\u00e9g\u00e8res, faites \u00e0 la main.\",\"isPartOf\":{\"@id\":\"https:\\\/\\\/marosebijoux.com\\\/#website\"},\"primaryImageOfPage\":{\"@id\":\"https:\\\/\\\/marosebijoux.com\\\/#primaryimage\"},\"image\":{\"@id\":\"https:\\\/\\\/marosebijoux.com\\\/#primaryimage\"},\"thumbnailUrl\":\"https:\\\/\\\/marosebijoux.com\\\/wp-content\\\/uploads\\\/2023\\\/09\\\/Emilie-boucle-1.jpg\",\"datePublished\":\"2021-10-11T05:03:43+00:00\",\"dateModified\":\"2026-02-22T22:06:01+00:00\",\"description\":\"D\u00e9couvrez mes boucles d'oreilles en argile polym\u00e8re.Des cr\u00e9ations uniques et artisanales aux designs \u00e9l\u00e9gants et color\u00e9s. Fait main en Alsace\",\"breadcrumb\":{\"@id\":\"https:\\\/\\\/marosebijoux.com\\\/#breadcrumb\"},\"inLanguage\":\"fr-FR\",\"potentialAction\":[{\"@type\":\"ReadAction\",\"target\":[\"https:\\\/\\\/marosebijoux.com\\\/\"]}]},{\"@type\":\"ImageObject\",\"inLanguage\":\"fr-FR\",\"@id\":\"https:\\\/\\\/marosebijoux.com\\\/#primaryimage\",\"url\":\"https:\\\/\\\/marosebijoux.com\\\/wp-content\\\/uploads\\\/2023\\\/09\\\/Emilie-boucle-1.jpg\",\"contentUrl\":\"https:\\\/\\\/marosebijoux.com\\\/wp-content\\\/uploads\\\/2023\\\/09\\\/Emilie-boucle-1.jpg\",\"width\":1440,\"height\":1920,\"caption\":\"Emilie Belon\"},{\"@type\":\"BreadcrumbList\",\"@id\":\"https:\\\/\\\/marosebijoux.com\\\/#breadcrumb\",\"itemListElement\":[{\"@type\":\"ListItem\",\"position\":1,\"name\":\"Accueil\",\"item\":\"https:\\\/\\\/marosebijoux.com\\\/\"},{\"@type\":\"ListItem\",\"position\":2,\"name\":\"Page d&#8217;accueil\"}]},{\"@type\":\"WebSite\",\"@id\":\"https:\\\/\\\/marosebijoux.com\\\/#website\",\"url\":\"https:\\\/\\\/marosebijoux.com\\\/\",\"name\":\"MaRose Bijoux\",\"description\":\"\",\"publisher\":{\"@id\":\"https:\\\/\\\/marosebijoux.com\\\/#organization\"},\"potentialAction\":[{\"@type\":\"SearchAction\",\"target\":{\"@type\":\"EntryPoint\",\"urlTemplate\":\"https:\\\/\\\/marosebijoux.com\\\/?s={search_term_string}\"},\"query-input\":{\"@type\":\"PropertyValueSpecification\",\"valueRequired\":true,\"valueName\":\"search_term_string\"}}],\"inLanguage\":\"fr-FR\"},{\"@type\":\"Organization\",\"@id\":\"https:\\\/\\\/marosebijoux.com\\\/#organization\",\"name\":\"MaRose Bijoux\",\"url\":\"https:\\\/\\\/marosebijoux.com\\\/\",\"logo\":{\"@type\":\"ImageObject\",\"inLanguage\":\"fr-FR\",\"@id\":\"https:\\\/\\\/marosebijoux.com\\\/#\\\/schema\\\/logo\\\/image\\\/\",\"url\":\"https:\\\/\\\/marosebijoux.com\\\/wp-content\\\/uploads\\\/2024\\\/11\\\/cropped-Color-logo-no-background.png\",\"contentUrl\":\"https:\\\/\\\/marosebijoux.com\\\/wp-content\\\/uploads\\\/2024\\\/11\\\/cropped-Color-logo-no-background.png\",\"width\":1918,\"height\":1851,\"caption\":\"MaRose Bijoux\"},\"image\":{\"@id\":\"https:\\\/\\\/marosebijoux.com\\\/#\\\/schema\\\/logo\\\/image\\\/\"},\"sameAs\":[\"https:\\\/\\\/www.facebook.com\\\/profile.php?id=61551028569293\",\"https:\\\/\\\/www.instagram.com\\\/marose.bijoux\\\/\"]}]}<\/script>\n<!-- \/ Yoast SEO Premium plugin. -->","yoast_head_json":{"title":"Boucles d'oreilles en argile polym\u00e8re, l\u00e9g\u00e8res, faites \u00e0 la main.","description":"D\u00e9couvrez mes boucles d'oreilles en argile polym\u00e8re.Des cr\u00e9ations uniques et artisanales aux designs \u00e9l\u00e9gants et color\u00e9s. Fait main en Alsace","robots":{"index":"index","follow":"follow","max-snippet":"max-snippet:-1","max-image-preview":"max-image-preview:large","max-video-preview":"max-video-preview:-1"},"canonical":"https:\/\/marosebijoux.com\/","og_locale":"fr_FR","og_type":"article","og_title":"Page d'accueil MaRose bijoux","og_description":"D\u00e9couvrez mes boucles d'oreilles en argile polym\u00e8re.Des cr\u00e9ations uniques et artisanales aux designs \u00e9l\u00e9gants et color\u00e9s. Fait main en Alsace","og_url":"https:\/\/marosebijoux.com\/","og_site_name":"MaRose Bijoux","article_publisher":"https:\/\/www.facebook.com\/profile.php?id=61551028569293","article_modified_time":"2026-02-22T22:06:01+00:00","og_image":[{"width":3192,"height":3121,"url":"https:\/\/marosebijoux.com\/wp-content\/uploads\/2023\/09\/Color-logo-with-background.png","type":"image\/png"}],"twitter_card":"summary_large_image","twitter_title":"Page d'accueil MaRose bijoux","twitter_misc":{"Dur\u00e9e de lecture estim\u00e9e":"2 minutes"},"schema":{"@context":"https:\/\/schema.org","@graph":[{"@type":"WebPage","@id":"https:\/\/marosebijoux.com\/","url":"https:\/\/marosebijoux.com\/","name":"Boucles d'oreilles en argile polym\u00e8re, l\u00e9g\u00e8res, faites \u00e0 la main.","isPartOf":{"@id":"https:\/\/marosebijoux.com\/#website"},"primaryImageOfPage":{"@id":"https:\/\/marosebijoux.com\/#primaryimage"},"image":{"@id":"https:\/\/marosebijoux.com\/#primaryimage"},"thumbnailUrl":"https:\/\/marosebijoux.com\/wp-content\/uploads\/2023\/09\/Emilie-boucle-1.jpg","datePublished":"2021-10-11T05:03:43+00:00","dateModified":"2026-02-22T22:06:01+00:00","description":"D\u00e9couvrez mes boucles d'oreilles en argile polym\u00e8re.Des cr\u00e9ations uniques et artisanales aux designs \u00e9l\u00e9gants et color\u00e9s. Fait main en Alsace","breadcrumb":{"@id":"https:\/\/marosebijoux.com\/#breadcrumb"},"inLanguage":"fr-FR","potentialAction":[{"@type":"ReadAction","target":["https:\/\/marosebijoux.com\/"]}]},{"@type":"ImageObject","inLanguage":"fr-FR","@id":"https:\/\/marosebijoux.com\/#primaryimage","url":"https:\/\/marosebijoux.com\/wp-content\/uploads\/2023\/09\/Emilie-boucle-1.jpg","contentUrl":"https:\/\/marosebijoux.com\/wp-content\/uploads\/2023\/09\/Emilie-boucle-1.jpg","width":1440,"height":1920,"caption":"Emilie Belon"},{"@type":"BreadcrumbList","@id":"https:\/\/marosebijoux.com\/#breadcrumb","itemListElement":[{"@type":"ListItem","position":1,"name":"Accueil","item":"https:\/\/marosebijoux.com\/"},{"@type":"ListItem","position":2,"name":"Page d&#8217;accueil"}]},{"@type":"WebSite","@id":"https:\/\/marosebijoux.com\/#website","url":"https:\/\/marosebijoux.com\/","name":"MaRose Bijoux","description":"","publisher":{"@id":"https:\/\/marosebijoux.com\/#organization"},"potentialAction":[{"@type":"SearchAction","target":{"@type":"EntryPoint","urlTemplate":"https:\/\/marosebijoux.com\/?s={search_term_string}"},"query-input":{"@type":"PropertyValueSpecification","valueRequired":true,"valueName":"search_term_string"}}],"inLanguage":"fr-FR"},{"@type":"Organization","@id":"https:\/\/marosebijoux.com\/#organization","name":"MaRose Bijoux","url":"https:\/\/marosebijoux.com\/","logo":{"@type":"ImageObject","inLanguage":"fr-FR","@id":"https:\/\/marosebijoux.com\/#\/schema\/logo\/image\/","url":"https:\/\/marosebijoux.com\/wp-content\/uploads\/2024\/11\/cropped-Color-logo-no-background.png","contentUrl":"https:\/\/marosebijoux.com\/wp-content\/uploads\/2024\/11\/cropped-Color-logo-no-background.png","width":1918,"height":1851,"caption":"MaRose Bijoux"},"image":{"@id":"https:\/\/marosebijoux.com\/#\/schema\/logo\/image\/"},"sameAs":["https:\/\/www.facebook.com\/profile.php?id=61551028569293","https:\/\/www.instagram.com\/marose.bijoux\/"]}]}},"uagb_featured_image_src":{"full":["https:\/\/marosebijoux.com\/wp-content\/uploads\/2023\/09\/Emilie-boucle-1.jpg",1440,1920,false],"thumbnail":["https:\/\/marosebijoux.com\/wp-content\/uploads\/2023\/09\/Emilie-boucle-1-150x150.jpg",150,150,true],"medium":["https:\/\/marosebijoux.com\/wp-content\/uploads\/2023\/09\/Emilie-boucle-1-225x300.jpg",225,300,true],"medium_large":["https:\/\/marosebijoux.com\/wp-content\/uploads\/2023\/09\/Emilie-boucle-1-768x1024.jpg",768,1024,true],"large":["https:\/\/marosebijoux.com\/wp-content\/uploads\/2023\/09\/Emilie-boucle-1-768x1024.jpg",768,1024,true],"1536x1536":["https:\/\/marosebijoux.com\/wp-content\/uploads\/2023\/09\/Emilie-boucle-1-1152x1536.jpg",1152,1536,true],"2048x2048":["https:\/\/marosebijoux.com\/wp-content\/uploads\/2023\/09\/Emilie-boucle-1.jpg",1440,1920,false],"woocommerce_thumbnail":["https:\/\/marosebijoux.com\/wp-content\/uploads\/2023\/09\/Emilie-boucle-1-768x1024.jpg",600,800,true],"woocommerce_single":["https:\/\/marosebijoux.com\/wp-content\/uploads\/2023\/09\/Emilie-boucle-1-768x1024.jpg",600,800,true],"woocommerce_gallery_thumbnail":["https:\/\/marosebijoux.com\/wp-content\/uploads\/2023\/09\/Emilie-boucle-1-100x100.jpg",100,100,true]},"uagb_author_info":{"display_name":"marose.bijoux","author_link":"https:\/\/marosebijoux.com\/index.php\/author\/marosebijoux85\/"},"uagb_comment_info":0,"uagb_excerpt":"MaRose Bijoux D\u00e9couvrez mes boucles d&#8217;oreilles en argile polym\u00e8re faites main,L\u00e9g\u00e8res et dot\u00e9es de petites variations qui leur donnent un charme unique.Je vous propose des pi\u00e8ces originales et personnalisables, avec [&hellip;]","jetpack_sharing_enabled":true,"_links":{"self":[{"href":"https:\/\/marosebijoux.com\/index.php\/wp-json\/wp\/v2\/pages\/1007","targetHints":{"allow":["GET"]}}],"collection":[{"href":"https:\/\/marosebijoux.com\/index.php\/wp-json\/wp\/v2\/pages"}],"about":[{"href":"https:\/\/marosebijoux.com\/index.php\/wp-json\/wp\/v2\/types\/page"}],"author":[{"embeddable":true,"href":"https:\/\/marosebijoux.com\/index.php\/wp-json\/wp\/v2\/users\/1"}],"replies":[{"embeddable":true,"href":"https:\/\/marosebijoux.com\/index.php\/wp-json\/wp\/v2\/comments?post=1007"}],"version-history":[{"count":117,"href":"https:\/\/marosebijoux.com\/index.php\/wp-json\/wp\/v2\/pages\/1007\/revisions"}],"predecessor-version":[{"id":9281,"href":"https:\/\/marosebijoux.com\/index.php\/wp-json\/wp\/v2\/pages\/1007\/revisions\/9281"}],"wp:featuredmedia":[{"embeddable":true,"href":"https:\/\/marosebijoux.com\/index.php\/wp-json\/wp\/v2\/media\/122"}],"wp:attachment":[{"href":"https:\/\/marosebijoux.com\/index.php\/wp-json\/wp\/v2\/media?parent=1007"}],"curies":[{"name":"wp","href":"https:\/\/api.w.org\/{rel}","templated":true}]}}